{"id":132,"date":"2025-02-02T16:35:24","date_gmt":"2025-02-02T15:35:24","guid":{"rendered":"https:\/\/www.esperanza-winery.hr\/impressum\/"},"modified":"2025-06-01T13:33:07","modified_gmt":"2025-06-01T11:33:07","slug":"otisak","status":"publish","type":"page","link":"https:\/\/www.esperanza-winery.hr\/hr\/otisak\/","title":{"rendered":"Otisak"},"content":{"rendered":"<div id=\"pl-132\"  class=\"panel-layout\" ><div id=\"pg-132-0\"  class=\"panel-grid panel-has-style\" ><div data-pw-rowlayout=\"no-padding\" data-pw-section=\"boxed\" data-pw-layout=\"full\" class=\"panel-row-style panel-row-style-for-132-0\" ><div id=\"pgc-132-0-0\"  class=\"panel-grid-cell panel-grid-cell-empty\" ><\/div><div id=\"pgc-132-0-1\"  class=\"panel-grid-cell panel-grid-cell-mobile-last\" ><div id=\"panel-132-0-1-0\" class=\"so-panel widget widget_pw-headline-widget panel-first-child\" data-index=\"0\" ><div\n\t\t\t\n\t\t\tclass=\"so-widget-pw-headline-widget so-widget-pw-headline-widget-default-d75171398898-132\"\n\t\t\t\n\t\t>\n<div class=\"text-center\">\n        <h1>    Otisak    <\/h1><\/div><\/div><\/div><div id=\"panel-132-0-1-1\" class=\"so-panel widget widget_pw-editor-widget panel-last-child\" data-index=\"1\" ><div\n\t\t\t\n\t\t\tclass=\"so-widget-pw-editor-widget so-widget-pw-editor-widget-default-d75171398898-132\"\n\t\t\t\n\t\t>\n<div class=\"editor\">\n    <p><strong>MSR-ARBA d.o.o. <\/strong><br \/>\nBarbat 86, 51280 Rab<br \/>\nCroatia<\/p>\n<p>Tel: +385 98 261 005<br \/>\nMail: info@msr-arba.com<br \/>\nWeb: www.msr-arba.com<\/p>\n<p>VIES PDV\/VAT: HR34386737383<\/p>\n<p>Applicable court: Commercial court in Rijeka under No.: MBS 040380302<br \/>\nPIN (Personal Identification Number): 34386737383<br \/>\nEUID: HRSR.040380302<\/p>\n<p>IBAN: HR8324020061100847654 at Erste&amp;Steierm\u00e4rkische Bank d.d., Rijeka<br \/>\nSWIFT\/BIC: ESBCHR22<\/p>\n<p>Registered share capital is 20.000,00 kn \/ 2.654,46 \u20ac fully paid<br \/>\nBoard member (CEO): Vili Liovi\u0107<\/p>\n<p>Croatian:<\/p>\n<p>MSR-ARBA d.o.o.<br \/>\nBarbat 86, 51280 Rab<br \/>\nHrvatska \/ Croatia<\/p>\n<p>Tel: +385 98 261 005<br \/>\nMail: info@msr-arba.com<br \/>\nWeb: www.msr-arba.com<\/p>\n<p>VIES PDV\/VAT: HR34386737383<\/p>\n<p>Upisano u Trgova\u010dki sud Rijeka pod brojem MBS: 040380302<br \/>\nOIB: 34386737383<br \/>\nEUID: HRSR.040380302<\/p>\n<p>Ra\u010dun: IBAN: HR8324020061100847654 otvoren kod Erste&amp;Steierm\u00e4rkische Bank d.d., Rijeka SWIFT\/BIC: ESBCHR22<\/p>\n<p>Temeljni kapital dru\u0161tva 20.000,00 kn \/ 2.654,46 \u20ac upla\u0107en u cijelosti<br \/>\n\u010clan uprave dru\u0161tva i direktor: Vili Liovi\u0107<\/p>\n<\/div>\n<\/div><\/div><\/div><div id=\"pgc-132-0-2\"  class=\"panel-grid-cell panel-grid-cell-empty\" ><\/div><\/div><\/div><\/div>","protected":false},"excerpt":{"rendered":"<p>Otisak MSR-ARBA d.o.o. Barbat 86, 51280 Rab Croatia Tel: +385 98 261 005 Mail: info@msr-arba.com Web: www.msr-arba.com VIES PDV\/VAT: HR34386737383 Applicable court: Commercial court in Rijeka under No.: MBS 040380302 PIN (Personal Identification Number): 34386737383 EUID: HRSR.040380302 IBAN: HR8324020061100847654 at Erste&amp;Steierm\u00e4rkische Bank d.d., Rijeka SWIFT\/BIC: ESBCHR22 Registered share capital is 20.000,00 kn \/ 2.654,46 \u20ac [&hellip;]<\/p>\n","protected":false},"author":1,"featured_media":0,"parent":0,"menu_order":0,"comment_status":"closed","ping_status":"closed","template":"","meta":{"footnotes":""},"class_list":["post-132","page","type-page","status-publish","hentry"],"yoast_head":"<!-- This site is optimized with the Yoast SEO plugin v25.3.1 - https:\/\/yoast.com\/wordpress\/plugins\/seo\/ -->\n<title>Otisak - Esperanza Winery<\/title>\n<meta name=\"robots\" content=\"index, follow, max-snippet:-1, max-image-preview:large, max-video-preview:-1\" \/>\n<link rel=\"canonical\" href=\"https:\/\/www.esperanza-winery.hr\/hr\/otisak\/\" \/>\n<meta property=\"og:locale\" content=\"hr_HR\" \/>\n<meta property=\"og:type\" content=\"article\" \/>\n<meta property=\"og:title\" content=\"Otisak - Esperanza Winery\" \/>\n<meta property=\"og:description\" content=\"Otisak MSR-ARBA d.o.o. Barbat 86, 51280 Rab Croatia Tel: +385 98 261 005 Mail: info@msr-arba.com Web: www.msr-arba.com VIES PDV\/VAT: HR34386737383 Applicable court: Commercial court in Rijeka under No.: MBS 040380302 PIN (Personal Identification Number): 34386737383 EUID: HRSR.040380302 IBAN: HR8324020061100847654 at Erste&amp;Steierm\u00e4rkische Bank d.d., Rijeka SWIFT\/BIC: ESBCHR22 Registered share capital is 20.000,00 kn \/ 2.654,46 \u20ac [&hellip;]\" \/>\n<meta property=\"og:url\" content=\"https:\/\/www.esperanza-winery.hr\/hr\/otisak\/\" \/>\n<meta property=\"og:site_name\" content=\"Esperanza Winery\" \/>\n<meta property=\"article:modified_time\" content=\"2025-06-01T11:33:07+00:00\" \/>\n<meta name=\"twitter:card\" content=\"summary_large_image\" \/>\n<script type=\"application\/ld+json\" class=\"yoast-schema-graph\">{\"@context\":\"https:\/\/schema.org\",\"@graph\":[{\"@type\":\"WebPage\",\"@id\":\"https:\/\/www.esperanza-winery.hr\/hr\/otisak\/\",\"url\":\"https:\/\/www.esperanza-winery.hr\/hr\/otisak\/\",\"name\":\"Otisak - Esperanza Winery\",\"isPartOf\":{\"@id\":\"https:\/\/www.esperanza-winery.hr\/#website\"},\"datePublished\":\"2025-02-02T15:35:24+00:00\",\"dateModified\":\"2025-06-01T11:33:07+00:00\",\"breadcrumb\":{\"@id\":\"https:\/\/www.esperanza-winery.hr\/hr\/otisak\/#breadcrumb\"},\"inLanguage\":\"hr\",\"potentialAction\":[{\"@type\":\"ReadAction\",\"target\":[\"https:\/\/www.esperanza-winery.hr\/hr\/otisak\/\"]}]},{\"@type\":\"BreadcrumbList\",\"@id\":\"https:\/\/www.esperanza-winery.hr\/hr\/otisak\/#breadcrumb\",\"itemListElement\":[{\"@type\":\"ListItem\",\"position\":1,\"name\":\"Startseite\",\"item\":\"https:\/\/www.esperanza-winery.hr\/hr\/\"},{\"@type\":\"ListItem\",\"position\":2,\"name\":\"Otisak\"}]},{\"@type\":\"WebSite\",\"@id\":\"https:\/\/www.esperanza-winery.hr\/#website\",\"url\":\"https:\/\/www.esperanza-winery.hr\/\",\"name\":\"Esperanza Winery\",\"description\":\"\",\"potentialAction\":[{\"@type\":\"SearchAction\",\"target\":{\"@type\":\"EntryPoint\",\"urlTemplate\":\"https:\/\/www.esperanza-winery.hr\/?s={search_term_string}\"},\"query-input\":{\"@type\":\"PropertyValueSpecification\",\"valueRequired\":true,\"valueName\":\"search_term_string\"}}],\"inLanguage\":\"hr\"}]}<\/script>\n<!-- \/ Yoast SEO plugin. -->","yoast_head_json":{"title":"Otisak - Esperanza Winery","robots":{"index":"index","follow":"follow","max-snippet":"max-snippet:-1","max-image-preview":"max-image-preview:large","max-video-preview":"max-video-preview:-1"},"canonical":"https:\/\/www.esperanza-winery.hr\/hr\/otisak\/","og_locale":"hr_HR","og_type":"article","og_title":"Otisak - Esperanza Winery","og_description":"Otisak MSR-ARBA d.o.o. Barbat 86, 51280 Rab Croatia Tel: +385 98 261 005 Mail: info@msr-arba.com Web: www.msr-arba.com VIES PDV\/VAT: HR34386737383 Applicable court: Commercial court in Rijeka under No.: MBS 040380302 PIN (Personal Identification Number): 34386737383 EUID: HRSR.040380302 IBAN: HR8324020061100847654 at Erste&amp;Steierm\u00e4rkische Bank d.d., Rijeka SWIFT\/BIC: ESBCHR22 Registered share capital is 20.000,00 kn \/ 2.654,46 \u20ac [&hellip;]","og_url":"https:\/\/www.esperanza-winery.hr\/hr\/otisak\/","og_site_name":"Esperanza Winery","article_modified_time":"2025-06-01T11:33:07+00:00","twitter_card":"summary_large_image","schema":{"@context":"https:\/\/schema.org","@graph":[{"@type":"WebPage","@id":"https:\/\/www.esperanza-winery.hr\/hr\/otisak\/","url":"https:\/\/www.esperanza-winery.hr\/hr\/otisak\/","name":"Otisak - Esperanza Winery","isPartOf":{"@id":"https:\/\/www.esperanza-winery.hr\/#website"},"datePublished":"2025-02-02T15:35:24+00:00","dateModified":"2025-06-01T11:33:07+00:00","breadcrumb":{"@id":"https:\/\/www.esperanza-winery.hr\/hr\/otisak\/#breadcrumb"},"inLanguage":"hr","potentialAction":[{"@type":"ReadAction","target":["https:\/\/www.esperanza-winery.hr\/hr\/otisak\/"]}]},{"@type":"BreadcrumbList","@id":"https:\/\/www.esperanza-winery.hr\/hr\/otisak\/#breadcrumb","itemListElement":[{"@type":"ListItem","position":1,"name":"Startseite","item":"https:\/\/www.esperanza-winery.hr\/hr\/"},{"@type":"ListItem","position":2,"name":"Otisak"}]},{"@type":"WebSite","@id":"https:\/\/www.esperanza-winery.hr\/#website","url":"https:\/\/www.esperanza-winery.hr\/","name":"Esperanza Winery","description":"","potentialAction":[{"@type":"SearchAction","target":{"@type":"EntryPoint","urlTemplate":"https:\/\/www.esperanza-winery.hr\/?s={search_term_string}"},"query-input":{"@type":"PropertyValueSpecification","valueRequired":true,"valueName":"search_term_string"}}],"inLanguage":"hr"}]}},"_links":{"self":[{"href":"https:\/\/www.esperanza-winery.hr\/hr\/wp-json\/wp\/v2\/pages\/132","targetHints":{"allow":["GET"]}}],"collection":[{"href":"https:\/\/www.esperanza-winery.hr\/hr\/wp-json\/wp\/v2\/pages"}],"about":[{"href":"https:\/\/www.esperanza-winery.hr\/hr\/wp-json\/wp\/v2\/types\/page"}],"author":[{"embeddable":true,"href":"https:\/\/www.esperanza-winery.hr\/hr\/wp-json\/wp\/v2\/users\/1"}],"replies":[{"embeddable":true,"href":"https:\/\/www.esperanza-winery.hr\/hr\/wp-json\/wp\/v2\/comments?post=132"}],"version-history":[{"count":5,"href":"https:\/\/www.esperanza-winery.hr\/hr\/wp-json\/wp\/v2\/pages\/132\/revisions"}],"predecessor-version":[{"id":740,"href":"https:\/\/www.esperanza-winery.hr\/hr\/wp-json\/wp\/v2\/pages\/132\/revisions\/740"}],"wp:attachment":[{"href":"https:\/\/www.esperanza-winery.hr\/hr\/wp-json\/wp\/v2\/media?parent=132"}],"curies":[{"name":"wp","href":"https:\/\/api.w.org\/{rel}","templated":true}]}}