{"id":113,"date":"2025-02-02T16:42:33","date_gmt":"2025-02-02T15:42:33","guid":{"rendered":"https:\/\/www.esperanza-winery.hr\/startseite\/"},"modified":"2025-06-23T09:31:27","modified_gmt":"2025-06-23T07:31:27","slug":"startseite","status":"publish","type":"page","link":"https:\/\/www.esperanza-winery.hr\/hr\/","title":{"rendered":"Home"},"content":{"rendered":"<div id=\"pl-113\"  class=\"panel-layout\" ><div id=\"pg-113-0\"  class=\"panel-grid panel-has-style\" ><div data-pw-rowlayout=\"padded\" data-pw-section=\"boxed\" data-pw-layout=\"full\" class=\"panel-row-style panel-row-style-for-113-0\" ><div id=\"pgc-113-0-0\"  class=\"panel-grid-cell\" ><div id=\"panel-113-0-0-0\" class=\"so-panel widget widget_pw-editor-widget panel-first-child\" data-index=\"0\" ><div\n\t\t\t\n\t\t\tclass=\"so-widget-pw-editor-widget so-widget-pw-editor-widget-default-d75171398898-113\"\n\t\t\t\n\t\t>\n<div class=\"editor\">\n    <p style=\"text-align: center\"><strong>Dobrodo\u0161li<\/strong><\/p>\n<p style=\"text-align: center\">u vinariju Esperanza, koja je slikovito smje\u0161tena na otoku Rabu u Hrvatskoj. Ovdje vinova loza uspijeva na osun\u010danim terasama i strmim padinama jugozapadne strane otoka.<\/p>\n<p style=\"text-align: center\">Vinarija Esperanza raspola\u017ee vlastitom vinarijom gdje se gro\u017e\u0111e prera\u0111uje s velikom pa\u017enjom. Na imanju se tako\u0111er nalazi destilerija koja proizvodi vrhunska alkoholna pi\u0107a od lokalnog vo\u0107a. Uz to, cijeli lokalitet je obrascao nasadom maslina, me\u0111u kojima se nalaze i one starije od 400 godina. Ovo ne samo da doprinosi raznolikosti ponude, ve\u0107 i odra\u017eava tradicionalnu mediteransku poljoprivredu.<\/p>\n<p style=\"text-align: center\">Vinarija Esperanza i otok Rab nisu samo mjesto za ljubitelje vina, ve\u0107 i prekrasno uto\u010di\u0161te za u\u017eivanje u ljepoti prirode i kulinarskim delicijama regije.<\/p>\n<\/div>\n<\/div><\/div><div id=\"panel-113-0-0-1\" class=\"so-panel widget widget_sow-editor\" data-index=\"1\" ><div\n\t\t\t\n\t\t\tclass=\"so-widget-sow-editor so-widget-sow-editor-base\"\n\t\t\t\n\t\t>\n<div class=\"siteorigin-widget-tinymce textwidget\">\n\t<p style=\"text-align: center;\"><strong>Pogledajte video o vinskoj regiji i vinariji Esperanza ovdje:\u00a0<\/strong><\/p>\n<\/div>\n<\/div><\/div><div id=\"panel-113-0-0-2\" class=\"so-panel widget widget_media_video\" data-index=\"2\" ><div style=\"width:100%;\" class=\"wp-video\"><video class=\"wp-video-shortcode\" id=\"video-113-1\" preload=\"metadata\" controls=\"controls\"><source type=\"video\/mp4\" src=\"https:\/\/www.esperanza-winery.hr\/wp-content\/uploads\/2025\/06\/Esperanza-promo_converted.mp4?_=1\" \/><source type=\"video\/mp4\" src=\"https:\/\/www.esperanza-winery.hr\/wp-content\/uploads\/2025\/06\/Esperanza-promo_converted.mp4?_=1\" \/><a href=\"https:\/\/www.esperanza-winery.hr\/wp-content\/uploads\/2025\/06\/Esperanza-promo_converted.mp4\">https:\/\/www.esperanza-winery.hr\/wp-content\/uploads\/2025\/06\/Esperanza-promo_converted.mp4<\/a><\/video><\/div><\/div><div id=\"panel-113-0-0-3\" class=\"so-panel widget widget_pw-headline-widget\" data-index=\"3\" ><div\n\t\t\t\n\t\t\tclass=\"so-widget-pw-headline-widget so-widget-pw-headline-widget-default-d75171398898-113\"\n\t\t\t\n\t\t>\n<div class=\"text-center\">\n        <h2>    Proizvodi vinarije Esperanza    <\/h2><\/div><\/div><\/div><div id=\"panel-113-0-0-4\" class=\"so-panel widget widget_pw-editor-widget\" data-index=\"4\" ><div\n\t\t\t\n\t\t\tclass=\"so-widget-pw-editor-widget so-widget-pw-editor-widget-default-d75171398898-113\"\n\t\t\t\n\t\t>\n<div class=\"editor\">\n    <p style=\"text-align: center\">u vinariji Esperanza uzgajaju se vrhunske sorte vina kao \u0161to su Chardonnay, Malvazija i Gra\u0161evina, poznate po svojoj kvaliteti i jedinstvenom okusu.<\/p>\n<\/div>\n<\/div><\/div><div id=\"panel-113-0-0-5\" class=\"so-panel widget widget_pw-box-widget\" data-index=\"5\" ><div\n\t\t\t\n\t\t\tclass=\"so-widget-pw-box-widget so-widget-pw-box-widget-default-d75171398898-113\"\n\t\t\t\n\t\t>\n\n\n<div class=\"block md:flex justify-center flex-wrap gap-8 grid-cols-1 sm:grid-cols-2 lg:grid-cols-3\">\n    \n                    <a href=\"https:\/\/www.esperanza-winery.hr\/weine\/\" class=\"w-80 max-w-80 p-8 border border-dark overflow-hidden box flex flex-col  mb-4 md:mb-0\">\n                    <div class=\"\">\n                <div class=\"text-xl sm:text-2xl md:text-3xl font-secondary mb-4 text-center\">\n                     Vina                <\/div>\n                <div class=\"text-lg sm:text-lg md:text-xl mb-4\">\n                    <p style=\"text-align: center;\">Copper Hill<\/p>\n                <\/div>\n            <\/div>\n            <div class=\"mt-20\">\n                <img decoding=\"async\" src=\"https:\/\/www.esperanza-winery.hr\/wp-content\/uploads\/2025\/02\/logo.svg\" class=\"block mx-auto\" alt=\"\" \/>            <\/div>\n\n\n                    <\/a>\n        \n\n                    <a href=\"https:\/\/www.esperanza-winery.hr\/destillate\/\" class=\"w-80 max-w-80 p-8 border border-dark overflow-hidden box flex flex-col bg-yellow text-black mb-4 md:mb-0\">\n                    <div class=\"\">\n                <div class=\"text-xl sm:text-2xl md:text-3xl font-secondary mb-4 text-center\">\n                    Rakije                <\/div>\n                <div class=\"text-lg sm:text-lg md:text-xl mb-4\">\n                    <p style=\"text-align: center;\">Copper Hill<\/p>\n                <\/div>\n            <\/div>\n            <div class=\"mt-20\">\n                <img decoding=\"async\" src=\"https:\/\/www.esperanza-winery.hr\/wp-content\/uploads\/2025\/02\/logo.svg\" class=\"block mx-auto\" alt=\"\" \/>            <\/div>\n\n\n                    <\/a>\n        \n\n                    <a href=\"https:\/\/www.esperanza-winery.hr\/olivenoel\/\" class=\"w-80 max-w-80 p-8 border border-dark overflow-hidden box flex flex-col bg-olive text-black mb-4 md:mb-0\">\n                    <div class=\"\">\n                <div class=\"text-xl sm:text-2xl md:text-3xl font-secondary mb-4 text-center\">\n                    Maslinovo ulje                <\/div>\n                <div class=\"text-lg sm:text-lg md:text-xl mb-4\">\n                    <p style=\"text-align: center;\">Exta Virgin<\/p>\n                <\/div>\n            <\/div>\n            <div class=\"mt-20\">\n                <img decoding=\"async\" src=\"https:\/\/www.esperanza-winery.hr\/wp-content\/uploads\/2025\/02\/logo.svg\" class=\"block mx-auto\" alt=\"\" \/>            <\/div>\n\n\n                    <\/a>\n        \n<\/div><\/div><\/div><div id=\"panel-113-0-0-6\" class=\"so-panel widget widget_pw-editor-widget panel-last-child\" data-index=\"6\" ><div\n\t\t\t\n\t\t\tclass=\"so-widget-pw-editor-widget so-widget-pw-editor-widget-default-d75171398898-113\"\n\t\t\t\n\t\t>\n<div class=\"editor\">\n    <p style=\"text-align: center\">Odaberite iz na\u0161e ponude.<\/p>\n<\/div>\n<\/div><\/div><\/div><\/div><\/div><\/div>","protected":false},"excerpt":{"rendered":"<p>Pogledajte video o vinskoj regiji i vinariji Esperanza ovdje:\u00a0<\/p>\n","protected":false},"author":1,"featured_media":0,"parent":0,"menu_order":0,"comment_status":"closed","ping_status":"closed","template":"","meta":{"footnotes":""},"class_list":["post-113","page","type-page","status-publish","hentry"],"yoast_head":"<!-- This site is optimized with the Yoast SEO plugin v25.3.1 - https:\/\/yoast.com\/wordpress\/plugins\/seo\/ -->\n<title>vinariju Esperanza Rab Hrvatska<\/title>\n<meta name=\"description\" content=\"Vinarija Esperanza raspola\u017ee vlastitom vinarijom gdje se gro\u017e\u0111e prera\u0111uje s velikom pa\u017enjom. Na imanju se tako\u0111er nalazi destilerija koja proizvodi vrhunska alkoholna pi\u0107a od lokalnog vo\u0107a. Uz to, cijeli lokalitet je obrascao nasadom maslina, me\u0111u kojima se nalaze i one starije od 400 godina. Ovo ne samo da doprinosi raznolikosti ponude, ve\u0107 i odra\u017eava tradicionalnu mediteransku poljoprivredu.\" \/>\n<meta name=\"robots\" content=\"index, follow, max-snippet:-1, max-image-preview:large, max-video-preview:-1\" \/>\n<link rel=\"canonical\" href=\"https:\/\/www.esperanza-winery.hr\/hr\/\" \/>\n<meta property=\"og:locale\" content=\"hr_HR\" \/>\n<meta property=\"og:type\" content=\"article\" \/>\n<meta property=\"og:title\" content=\"vinariju Esperanza Rab Hrvatska\" \/>\n<meta property=\"og:description\" content=\"Vinarija Esperanza raspola\u017ee vlastitom vinarijom gdje se gro\u017e\u0111e prera\u0111uje s velikom pa\u017enjom. Na imanju se tako\u0111er nalazi destilerija koja proizvodi vrhunska alkoholna pi\u0107a od lokalnog vo\u0107a. Uz to, cijeli lokalitet je obrascao nasadom maslina, me\u0111u kojima se nalaze i one starije od 400 godina. Ovo ne samo da doprinosi raznolikosti ponude, ve\u0107 i odra\u017eava tradicionalnu mediteransku poljoprivredu.\" \/>\n<meta property=\"og:url\" content=\"https:\/\/www.esperanza-winery.hr\/hr\/\" \/>\n<meta property=\"og:site_name\" content=\"Esperanza Winery\" \/>\n<meta property=\"article:modified_time\" content=\"2025-06-23T07:31:27+00:00\" \/>\n<meta name=\"twitter:card\" content=\"summary_large_image\" \/>\n<script type=\"application\/ld+json\" class=\"yoast-schema-graph\">{\"@context\":\"https:\/\/schema.org\",\"@graph\":[{\"@type\":\"WebPage\",\"@id\":\"https:\/\/www.esperanza-winery.hr\/hr\/\",\"url\":\"https:\/\/www.esperanza-winery.hr\/hr\/\",\"name\":\"vinariju Esperanza Rab Hrvatska\",\"isPartOf\":{\"@id\":\"https:\/\/www.esperanza-winery.hr\/#website\"},\"datePublished\":\"2025-02-02T15:42:33+00:00\",\"dateModified\":\"2025-06-23T07:31:27+00:00\",\"description\":\"Vinarija Esperanza raspola\u017ee vlastitom vinarijom gdje se gro\u017e\u0111e prera\u0111uje s velikom pa\u017enjom. Na imanju se tako\u0111er nalazi destilerija koja proizvodi vrhunska alkoholna pi\u0107a od lokalnog vo\u0107a. Uz to, cijeli lokalitet je obrascao nasadom maslina, me\u0111u kojima se nalaze i one starije od 400 godina. Ovo ne samo da doprinosi raznolikosti ponude, ve\u0107 i odra\u017eava tradicionalnu mediteransku poljoprivredu.\",\"breadcrumb\":{\"@id\":\"https:\/\/www.esperanza-winery.hr\/hr\/#breadcrumb\"},\"inLanguage\":\"hr\",\"potentialAction\":[{\"@type\":\"ReadAction\",\"target\":[\"https:\/\/www.esperanza-winery.hr\/hr\/\"]}]},{\"@type\":\"BreadcrumbList\",\"@id\":\"https:\/\/www.esperanza-winery.hr\/hr\/#breadcrumb\",\"itemListElement\":[{\"@type\":\"ListItem\",\"position\":1,\"name\":\"Startseite\",\"item\":\"https:\/\/www.esperanza-winery.hr\/hr\/\"},{\"@type\":\"ListItem\",\"position\":2,\"name\":\"Home\"}]},{\"@type\":\"WebSite\",\"@id\":\"https:\/\/www.esperanza-winery.hr\/#website\",\"url\":\"https:\/\/www.esperanza-winery.hr\/\",\"name\":\"Esperanza Winery\",\"description\":\"\",\"potentialAction\":[{\"@type\":\"SearchAction\",\"target\":{\"@type\":\"EntryPoint\",\"urlTemplate\":\"https:\/\/www.esperanza-winery.hr\/?s={search_term_string}\"},\"query-input\":{\"@type\":\"PropertyValueSpecification\",\"valueRequired\":true,\"valueName\":\"search_term_string\"}}],\"inLanguage\":\"hr\"}]}<\/script>\n<!-- \/ Yoast SEO plugin. -->","yoast_head_json":{"title":"vinariju Esperanza Rab Hrvatska","description":"Vinarija Esperanza raspola\u017ee vlastitom vinarijom gdje se gro\u017e\u0111e prera\u0111uje s velikom pa\u017enjom. Na imanju se tako\u0111er nalazi destilerija koja proizvodi vrhunska alkoholna pi\u0107a od lokalnog vo\u0107a. Uz to, cijeli lokalitet je obrascao nasadom maslina, me\u0111u kojima se nalaze i one starije od 400 godina. Ovo ne samo da doprinosi raznolikosti ponude, ve\u0107 i odra\u017eava tradicionalnu mediteransku poljoprivredu.","robots":{"index":"index","follow":"follow","max-snippet":"max-snippet:-1","max-image-preview":"max-image-preview:large","max-video-preview":"max-video-preview:-1"},"canonical":"https:\/\/www.esperanza-winery.hr\/hr\/","og_locale":"hr_HR","og_type":"article","og_title":"vinariju Esperanza Rab Hrvatska","og_description":"Vinarija Esperanza raspola\u017ee vlastitom vinarijom gdje se gro\u017e\u0111e prera\u0111uje s velikom pa\u017enjom. Na imanju se tako\u0111er nalazi destilerija koja proizvodi vrhunska alkoholna pi\u0107a od lokalnog vo\u0107a. Uz to, cijeli lokalitet je obrascao nasadom maslina, me\u0111u kojima se nalaze i one starije od 400 godina. Ovo ne samo da doprinosi raznolikosti ponude, ve\u0107 i odra\u017eava tradicionalnu mediteransku poljoprivredu.","og_url":"https:\/\/www.esperanza-winery.hr\/hr\/","og_site_name":"Esperanza Winery","article_modified_time":"2025-06-23T07:31:27+00:00","twitter_card":"summary_large_image","schema":{"@context":"https:\/\/schema.org","@graph":[{"@type":"WebPage","@id":"https:\/\/www.esperanza-winery.hr\/hr\/","url":"https:\/\/www.esperanza-winery.hr\/hr\/","name":"vinariju Esperanza Rab Hrvatska","isPartOf":{"@id":"https:\/\/www.esperanza-winery.hr\/#website"},"datePublished":"2025-02-02T15:42:33+00:00","dateModified":"2025-06-23T07:31:27+00:00","description":"Vinarija Esperanza raspola\u017ee vlastitom vinarijom gdje se gro\u017e\u0111e prera\u0111uje s velikom pa\u017enjom. Na imanju se tako\u0111er nalazi destilerija koja proizvodi vrhunska alkoholna pi\u0107a od lokalnog vo\u0107a. Uz to, cijeli lokalitet je obrascao nasadom maslina, me\u0111u kojima se nalaze i one starije od 400 godina. Ovo ne samo da doprinosi raznolikosti ponude, ve\u0107 i odra\u017eava tradicionalnu mediteransku poljoprivredu.","breadcrumb":{"@id":"https:\/\/www.esperanza-winery.hr\/hr\/#breadcrumb"},"inLanguage":"hr","potentialAction":[{"@type":"ReadAction","target":["https:\/\/www.esperanza-winery.hr\/hr\/"]}]},{"@type":"BreadcrumbList","@id":"https:\/\/www.esperanza-winery.hr\/hr\/#breadcrumb","itemListElement":[{"@type":"ListItem","position":1,"name":"Startseite","item":"https:\/\/www.esperanza-winery.hr\/hr\/"},{"@type":"ListItem","position":2,"name":"Home"}]},{"@type":"WebSite","@id":"https:\/\/www.esperanza-winery.hr\/#website","url":"https:\/\/www.esperanza-winery.hr\/","name":"Esperanza Winery","description":"","potentialAction":[{"@type":"SearchAction","target":{"@type":"EntryPoint","urlTemplate":"https:\/\/www.esperanza-winery.hr\/?s={search_term_string}"},"query-input":{"@type":"PropertyValueSpecification","valueRequired":true,"valueName":"search_term_string"}}],"inLanguage":"hr"}]}},"_links":{"self":[{"href":"https:\/\/www.esperanza-winery.hr\/hr\/wp-json\/wp\/v2\/pages\/113","targetHints":{"allow":["GET"]}}],"collection":[{"href":"https:\/\/www.esperanza-winery.hr\/hr\/wp-json\/wp\/v2\/pages"}],"about":[{"href":"https:\/\/www.esperanza-winery.hr\/hr\/wp-json\/wp\/v2\/types\/page"}],"author":[{"embeddable":true,"href":"https:\/\/www.esperanza-winery.hr\/hr\/wp-json\/wp\/v2\/users\/1"}],"replies":[{"embeddable":true,"href":"https:\/\/www.esperanza-winery.hr\/hr\/wp-json\/wp\/v2\/comments?post=113"}],"version-history":[{"count":5,"href":"https:\/\/www.esperanza-winery.hr\/hr\/wp-json\/wp\/v2\/pages\/113\/revisions"}],"predecessor-version":[{"id":811,"href":"https:\/\/www.esperanza-winery.hr\/hr\/wp-json\/wp\/v2\/pages\/113\/revisions\/811"}],"wp:attachment":[{"href":"https:\/\/www.esperanza-winery.hr\/hr\/wp-json\/wp\/v2\/media?parent=113"}],"curies":[{"name":"wp","href":"https:\/\/api.w.org\/{rel}","templated":true}]}}